{"id":27,"date":"2023-11-24T13:13:44","date_gmt":"2023-11-24T13:13:44","guid":{"rendered":"https:\/\/arttum.vlab.fi\/wp\/?page_id=27"},"modified":"2023-11-24T13:13:44","modified_gmt":"2023-11-24T13:13:44","slug":"tyynimeri","status":"publish","type":"page","link":"https:\/\/arttum.vlab.fi\/wp\/?page_id=27","title":{"rendered":"Tyynimeri"},"content":{"rendered":"\n<p>Tyynimeri eli Tyyni valtameri (vanh. Iso valtameri) on maailman suurin merialue, joka ulottuu pohjoisesta Arktikselta etel\u00e4\u00e4n Antarktikselle ja l\u00e4nnest\u00e4 Aasian ja Australian mantereilta it\u00e4\u00e4n Pohjois- ja Etel\u00e4-Amerikan mantereille.<\/p>\n\n\n\n<p>Tyyness\u00e4meress\u00e4 on noin 25 000 saarta, joista asuttuja on noin 1 500. Etel\u00e4isen Tyynenmeren valtavaa saaristoaluetta kutsutaan yleisnimell\u00e4 Oseania. Kansainv\u00e4linen p\u00e4iv\u00e4m\u00e4\u00e4r\u00e4raja kulkee Tyynenmeren ja Oseanian poikki.<\/p>\n\n\n\n<p>Tyynenmeren nimi tulee l\u00f6yt\u00f6retkeilij\u00e4 Fern\u00e3o de Magalh\u00e3esin antamasta latinankielisest\u00e4 nimest\u00e4 Mare Pacificum.<\/p>\n\n\n\n<figure class=\"wp-block-image size-large\"><img decoding=\"async\" src=\"https:\/\/upload.wikimedia.org\/wikipedia\/commons\/c\/c4\/Pacific_Ocean.png\" alt=\"\"\/><\/figure>\n\n\n\n<figure class=\"wp-block-image size-large\"><img decoding=\"async\" src=\"https:\/\/upload.wikimedia.org\/wikipedia\/commons\/thumb\/0\/0e\/Los_Molinos.JPG\/1280px-Los_Molinos.JPG\" alt=\"\"\/><\/figure>\n","protected":false},"excerpt":{"rendered":"<p>Tyynimeri eli Tyyni valtameri (vanh. Iso valtameri) on maailman suurin merialue, joka ulottuu pohjoisesta Arktikselta etel\u00e4\u00e4n Antarktikselle ja l\u00e4nnest\u00e4 Aasian ja Australian mantereilta it\u00e4\u00e4n Pohjois- ja Etel\u00e4-Amerikan mantereille. Tyyness\u00e4meress\u00e4 on noin 25 000 saarta, joista asuttuja on noin 1 500. Etel\u00e4isen Tyynenmeren valtavaa saaristoaluetta kutsutaan yleisnimell\u00e4 Oseania. Kansainv\u00e4linen p\u00e4iv\u00e4m\u00e4\u00e4r\u00e4raja kulkee Tyynenmeren ja Oseanian poikki. Tyynenmeren &hellip; <a href=\"https:\/\/arttum.vlab.fi\/wp\/?page_id=27\" class=\"more-link\">Continue reading<span class=\"screen-reader-text\"> &#8220;Tyynimeri&#8221;<\/span><\/a><\/p>\n","protected":false},"author":1,"featured_media":0,"parent":0,"menu_order":0,"comment_status":"closed","ping_status":"closed","template":"","meta":{"footnotes":""},"_links":{"self":[{"href":"https:\/\/arttum.vlab.fi\/wp\/index.php?rest_route=\/wp\/v2\/pages\/27"}],"collection":[{"href":"https:\/\/arttum.vlab.fi\/wp\/index.php?rest_route=\/wp\/v2\/pages"}],"about":[{"href":"https:\/\/arttum.vlab.fi\/wp\/index.php?rest_route=\/wp\/v2\/types\/page"}],"author":[{"embeddable":true,"href":"https:\/\/arttum.vlab.fi\/wp\/index.php?rest_route=\/wp\/v2\/users\/1"}],"replies":[{"embeddable":true,"href":"https:\/\/arttum.vlab.fi\/wp\/index.php?rest_route=%2Fwp%2Fv2%2Fcomments&post=27"}],"version-history":[{"count":1,"href":"https:\/\/arttum.vlab.fi\/wp\/index.php?rest_route=\/wp\/v2\/pages\/27\/revisions"}],"predecessor-version":[{"id":29,"href":"https:\/\/arttum.vlab.fi\/wp\/index.php?rest_route=\/wp\/v2\/pages\/27\/revisions\/29"}],"wp:attachment":[{"href":"https:\/\/arttum.vlab.fi\/wp\/index.php?rest_route=%2Fwp%2Fv2%2Fmedia&parent=27"}],"curies":[{"name":"wp","href":"https:\/\/api.w.org\/{rel}","templated":true}]}}