{"id":20,"date":"2023-11-23T07:57:44","date_gmt":"2023-11-23T07:57:44","guid":{"rendered":"https:\/\/arttum.vlab.fi\/wp\/?page_id=20"},"modified":"2023-11-23T07:57:44","modified_gmt":"2023-11-23T07:57:44","slug":"atlantin-valtameri","status":"publish","type":"page","link":"https:\/\/arttum.vlab.fi\/wp\/","title":{"rendered":"Atlantin valtameri"},"content":{"rendered":"\n<p>Atlantin valtameri eli Atlantti on maapallon toiseksi suurin valtameri Tyynen valtameren j\u00e4lkeen. Se kattaa noin viidesosan Maan pinta-alasta. Valtameren nimi tulee Kreikan mytologian Atlas-j\u00e4ttil\u00e4isest\u00e4. Nimitys \u201dAtlaksen meri\u201d (m.kreik. \u1f08\u03c4\u03bb\u03b1\u03bd\u03c4\u1f76\u03c2 \u03b8\u03ac\u03bb\u03b1\u03c3\u03c3\u03b1, Atlant\u00ecs th\u00e1lassa) esiintyy ensimm\u00e4isen kerran historioitsija Herodotoksella 400-luvulla eaa.<\/p>\n\n\n\n<p>Atlantin valtameri ulottuu l\u00e4nness\u00e4 Amerikan mantereeseen ja id\u00e4ss\u00e4 Eurooppaan ja Afrikkaan. Sen yhdist\u00e4\u00e4 Tyyneen valtamereen J\u00e4\u00e4meri pohjoisessa ja Drakensalmi etel\u00e4ss\u00e4. Panaman kanava muodostaa keinotekoisen v\u00e4yl\u00e4n Atlantin ja Tyynen valtameren v\u00e4lille.It\u00e4merikin lasketaan kuuluvaksi Atlanttiin. Afrikan etel\u00e4puolella Atlantti on yhteydess\u00e4 Intian valtameren kanssa, ja rajana pidet\u00e4\u00e4n 20. it\u00e4ist\u00e4 pituuspiiri\u00e4. Raja J\u00e4\u00e4merta vastaan kulkee Gr\u00f6nlannista Islannin luoteiskulmaan ja Islannin koilliskulmasta Huippuvuorten etel\u00e4k\u00e4rkeen ja sielt\u00e4 Nordkappiin Norjassa.<\/p>\n\n\n\n<p>Aikansa suurin h\u00f6yrylaiva RMS Titanic upposi Atlantille 15. huhtikuuta 1912 vieden mukanaan noin 1 500 matkustajaa. L\u00e4hde: wikipedia<\/p>\n\n\n\n<figure class=\"wp-block-image size-large\"><img loading=\"lazy\" decoding=\"async\" width=\"683\" height=\"1024\" src=\"https:\/\/arttum.vlab.fi\/wp\/wp-content\/uploads\/2023\/11\/pexels-nuno-veludo-3558637-683x1024.jpg\" alt=\"\" class=\"wp-image-21\" srcset=\"https:\/\/arttum.vlab.fi\/wp\/wp-content\/uploads\/2023\/11\/pexels-nuno-veludo-3558637-683x1024.jpg 683w, https:\/\/arttum.vlab.fi\/wp\/wp-content\/uploads\/2023\/11\/pexels-nuno-veludo-3558637-200x300.jpg 200w, https:\/\/arttum.vlab.fi\/wp\/wp-content\/uploads\/2023\/11\/pexels-nuno-veludo-3558637-768x1152.jpg 768w, https:\/\/arttum.vlab.fi\/wp\/wp-content\/uploads\/2023\/11\/pexels-nuno-veludo-3558637-1024x1536.jpg 1024w, https:\/\/arttum.vlab.fi\/wp\/wp-content\/uploads\/2023\/11\/pexels-nuno-veludo-3558637-1365x2048.jpg 1365w, https:\/\/arttum.vlab.fi\/wp\/wp-content\/uploads\/2023\/11\/pexels-nuno-veludo-3558637-1200x1800.jpg 1200w, https:\/\/arttum.vlab.fi\/wp\/wp-content\/uploads\/2023\/11\/pexels-nuno-veludo-3558637-scaled.jpg 1707w\" sizes=\"(max-width: 683px) 85vw, 683px\" \/><\/figure>\n","protected":false},"excerpt":{"rendered":"<p>Atlantin valtameri eli Atlantti on maapallon toiseksi suurin valtameri Tyynen valtameren j\u00e4lkeen. Se kattaa noin viidesosan Maan pinta-alasta. Valtameren nimi tulee Kreikan mytologian Atlas-j\u00e4ttil\u00e4isest\u00e4. Nimitys \u201dAtlaksen meri\u201d (m.kreik. \u1f08\u03c4\u03bb\u03b1\u03bd\u03c4\u1f76\u03c2 \u03b8\u03ac\u03bb\u03b1\u03c3\u03c3\u03b1, Atlant\u00ecs th\u00e1lassa) esiintyy ensimm\u00e4isen kerran historioitsija Herodotoksella 400-luvulla eaa. Atlantin valtameri ulottuu l\u00e4nness\u00e4 Amerikan mantereeseen ja id\u00e4ss\u00e4 Eurooppaan ja Afrikkaan. Sen yhdist\u00e4\u00e4 Tyyneen valtamereen J\u00e4\u00e4meri &hellip; <a href=\"https:\/\/arttum.vlab.fi\/wp\/\" class=\"more-link\">Continue reading<span class=\"screen-reader-text\"> &#8220;Atlantin valtameri&#8221;<\/span><\/a><\/p>\n","protected":false},"author":1,"featured_media":0,"parent":0,"menu_order":0,"comment_status":"closed","ping_status":"closed","template":"","meta":{"footnotes":""},"_links":{"self":[{"href":"https:\/\/arttum.vlab.fi\/wp\/index.php?rest_route=\/wp\/v2\/pages\/20"}],"collection":[{"href":"https:\/\/arttum.vlab.fi\/wp\/index.php?rest_route=\/wp\/v2\/pages"}],"about":[{"href":"https:\/\/arttum.vlab.fi\/wp\/index.php?rest_route=\/wp\/v2\/types\/page"}],"author":[{"embeddable":true,"href":"https:\/\/arttum.vlab.fi\/wp\/index.php?rest_route=\/wp\/v2\/users\/1"}],"replies":[{"embeddable":true,"href":"https:\/\/arttum.vlab.fi\/wp\/index.php?rest_route=%2Fwp%2Fv2%2Fcomments&post=20"}],"version-history":[{"count":1,"href":"https:\/\/arttum.vlab.fi\/wp\/index.php?rest_route=\/wp\/v2\/pages\/20\/revisions"}],"predecessor-version":[{"id":22,"href":"https:\/\/arttum.vlab.fi\/wp\/index.php?rest_route=\/wp\/v2\/pages\/20\/revisions\/22"}],"wp:attachment":[{"href":"https:\/\/arttum.vlab.fi\/wp\/index.php?rest_route=%2Fwp%2Fv2%2Fmedia&parent=20"}],"curies":[{"name":"wp","href":"https:\/\/api.w.org\/{rel}","templated":true}]}}